{"id":1177,"date":"2018-08-07T11:30:51","date_gmt":"2018-08-07T09:30:51","guid":{"rendered":"http:\/\/arkadia.wiechumc.nazwa.pl\/?page_id=1177"},"modified":"2023-01-22T17:43:22","modified_gmt":"2023-01-22T16:43:22","slug":"regulamin","status":"publish","type":"page","link":"https:\/\/sarbinowomorskie.com.pl\/?page_id=1177","title":{"rendered":"Regulamin"},"content":{"rendered":"<p><strong>REGULAMIN POBYTU GO\u015aCI W POKOJACH GO\u015aCINNYCH ARKADIA<\/strong><\/p>\n<p style=\"text-align: left;\">\n\u00a7 1<br \/>\n1.Pok\u00f3j go\u015bcinny wynajmowany jest do u\u017cytku go\u015bci na doby po przed\u0142o\u017ceniu dowodu osobistego lub innego dokumentu<br \/>\n2. Na potrzeby wynajmu doba rozpoczyna si\u0119 o godzinie 14.00, a ko\u0144czy o godzinie 10.00<br \/>\n3. Go\u015b\u0107 mo\u017ce korzysta\u0107 bez dodatkowej op\u0142aty z pokoju w godzinach wcze\u015bniejszych, je\u017celi pok\u00f3j jest wolny<br \/>\n4.Wprowadzanie zwierz\u0105t na teren o\u015brodka jest zabronione<\/p>\n<p>\u00a7 2<br \/>\n1. Liczba dni pobytu okre\u015blona jest w potwierdzeniu rezerwacji, kt\u00f3rym jest dokonanie przedp\u0142aty zadatku przez go\u015bcia w wysoko\u015bci 30% warto\u015bci ca\u0142o\u015bci zam\u00f3wienia. Pozosta\u0142\u0105 kwot\u0119 go\u015b\u0107 wp\u0142aca w dniu przyjazdu podczas meldowania.<br \/>\n2.Dokonanie przedp\u0142at zadatku jest jednoznaczne z zapoznaniem si\u0119 z regulaminem i jego akceptacj\u0105 jego warunk\u00f3w, a w przypadku jej nieprzestrzegania , w\u0142a\u015bciciel ma prawo zarz\u0105dza\u0107 bezwzgl\u0119dnego opuszczenia obiektu bez zwrot\u00f3w wniesionych op\u0142at pobytu<br \/>\n3. \u017byczenie przed\u0142u\u017cenia pobytu go\u015b\u0107 powinien z\u0142o\u017cy\u0107 najp\u00f3\u017aniej na dzie\u0144 przed up\u0142ywem terminu najmu. Pod warunkiem ze pok\u00f3j nie zosta\u0142 wynaj\u0119ty innemu go\u015bciowi. UWAGA! Przerwanie pobytu przez Go\u015bcia, nie jest podstaw\u0105 do zwrotu wp\u0142aconej nale\u017cno\u015bci<\/p>\n<p>\u00a7 3<br \/>\n1. Go\u015b\u0107 powinien u\u017cywa\u0107 pokoju zgodnie z jego przeznaczeniem, to znaczy dla w\u0142asnych potrzeb zamieszkania i wypoczynku<br \/>\n2. W godzinach 22.00 do 7.00 w pokojach nale\u017cy zachowa\u0107 cisz\u0119<\/p>\n<p>\u00a7 4<br \/>\n1. Sprz\u0105tanie pokoju w czasie pobytu odbywa si\u0119 samodzielnie przez wynajmuj\u0105cego<br \/>\n2. W budynku i pokojach obowi\u0105zuje bezwzgl\u0119dny zakaz palenia tytoniu, \u015bwiec itp.<br \/>\n3. Korzystanie przez dzieci z wyposa\u017cenia obiektu (hu\u015btawki, piaskownice, trampolina itp.) mo\u017ce by\u0107 wy\u0142\u0105cznie pod nadzorem ich opiekun\u00f3w.<br \/>\n4.Trampolina przeznaczona jest wy\u0142\u0105cznie dla dzieci (max. 2 dzieci na trampolinie) do 40kg , r\u00f3wnie\u017c pod nadzorem opiekun\u00f3w<br \/>\n5.Ka\u017cdorazowo Go\u015b\u0107 opuszczaj\u0105cy pok\u00f3j, ze wzgl\u0119d\u00f3w bezpiecze\u0144stwa, powinien wy\u0142\u0105czy\u0107 telewizor, zgasi\u0107 \u015bwiat\u0142o, zakr\u0119ci\u0107 krany oraz zamkn\u0105\u0107 okna i drzwi na klucz<\/p>\n<p>\u00a7 5<br \/>\n1. Gospodarz obiektu nie odpowiada za rzeczy wniesione do pokoju lub pozostawione w innym miejscu<br \/>\n2. Gospodarz wyznacza miejsce postoju \u015brodka transportu Go\u015bcia, lecz nie odpowiada za szkody wyrz\u0105dzone przez osoby trzecie lub utrat\u0119 pojazdu. Parking jest bezp\u0142atny i niestrze\u017cony<br \/>\n3. Go\u015b\u0107 ponosi pe\u0142n\u0105 odpowiedzialno\u015b\u0107 materialn\u0105 za wszelkiego rodzaju uszkodzenia i zniszczenia w pokoju oraz jego wyposa\u017cenia, spowodowane jego dzia\u0142aniem lub dzia\u0142aniem os\u00f3b, za kt\u00f3re odpowiada. Wszelkie usterki w pokojach prosimy zg\u0142asza\u0107 w dniu przyjazdu. Nie zg\u0142oszenie usterek i zniszcze\u0144 oznacza ich brak. Wszelkie zniszczenia i uszkodzenia przedmiot\u00f3w stanowi\u0105cych w\u0142asno\u015b\u0107 tut. obiektu nale\u017cy zg\u0142asza\u0107 u w\u0142a\u015bciciela, kt\u00f3ry okre\u015bli wysoko\u015b\u0107 odszkodowania. Za zniszczenia wykryte po opuszczeniu pokoju (po wcze\u015bniejszej konsultacji z najemcami) zostan\u0105 oni obci\u0105\u017ceni kosztami napraw.<br \/>\n4.Zabrania si\u0119 u\u017cywania jakichkolwiek urz\u0105dze\u0144 zasilanych energi\u0105 elektryczn\u0105 lub gazow\u0105 nie b\u0119d\u0105cych na wyposa\u017ceniu pokoi (np. grza\u0142ek ,elektrycznych ,grzejnik\u00f3w ,palnik\u00f3w gazowych)<\/p>\n<p>5. Go\u015b\u0107 korzystaj\u0105c z kuchni oraz w ogrodzie z grilla zmywa po sobie naczynia i pozostawia porz\u0105dek.<br \/>\n6.Zabrania si\u0119 sma\u017cenia ryb w kuchni<\/p>\n<p>\u00a7 6<br \/>\n1. Go\u015b\u0107 otrzymuje do swej dyspozycji klucz do pokoju, kt\u00f3re powinien zwr\u00f3ci\u0107 w chwili zako\u0144czenia pobytu. Zgubienie klucza powoduje obowi\u0105zek zap\u0142aty za wymian\u0119 zamk\u00f3w w drzwiach lub dorobienie nowego klucza<\/p>\n<p>\u00a7 7<br \/>\n1. Go\u015b\u0107 korzystaj\u0105cy z us\u0142ug akceptuje i zobowi\u0105zuje si\u0119 do przestrzegania postanowie\u0144 niniejszego regulaminu, przepis\u00f3w BHP i przepis\u00f3w przeciwpo\u017carowych oraz w sytuacjach wyj\u0105tkowych stosowa\u0107 si\u0119 do pr\u00f3\u015bb w\u0142a\u015bciciela<br \/>\n2. Nie ponosimy odpowiedzialno\u015bci za szkody b\u0119d\u0105ce wynikiem nieprzestrzegania przez go\u015bci zawartych w regulaminie zasad<br \/>\n3. Pokoje go\u015bcinne \u015bwiadcz\u0105 us\u0142ugi zgodnie ze swoj\u0105 kategori\u0105 i standardem (kwatera prywatna)<br \/>\n4. Pokoje go\u015bcinne maj\u0105 obowi\u0105zek zapewni\u0107 profesjonaln\u0105 i uprzejm\u0105 obs\u0142ug\u0119, zachowania tajemnicy informacji o go\u015bciu oraz sprawno\u015b\u0107 urz\u0105dze\u0144 technicznych<br \/>\n5. Obiekt nie odpowiada za niezale\u017cne od niego awarie i ich skutki.<br \/>\n6.Na terenie o\u015brodka obowi\u0105zuje segregacja odpad\u00f3w.<br \/>\n7.O\u015brodek nie ponosi odpowiedzialno\u015bci za przej\u015bciowe niedogodno\u015bci , kt\u00f3re mog\u0105 by\u0107 spowodowane awariami r\u00f3wnie\u017c przez niezale\u017cnych dostawc\u00f3w np. wody ,pr\u0105du.<br \/>\n8.Zap\u0142at\u0119 za pobyt plus op\u0142at\u0119 klimatyczn\u0105 nale\u017cy ui\u015bci\u0107 w dniu przyjazdu.<\/p>\n<p>MI\u0141EGO WYPOCZYNKU \u017bYCZ\u0104 POKOJE GO\u015aCINNE<br \/>\nARKADIA<\/p>\n","protected":false},"excerpt":{"rendered":"<p>REGULAMIN POBYTU GO\u015aCI W POKOJACH GO\u015aCINNYCH ARKADIA \u00a7 1 1.Pok\u00f3j go\u015bcinny wynajmowany jest do u\u017cytku go\u015bci na doby po przed\u0142o\u017ceniu dowodu osobistego lub innego dokumentu 2. Na potrzeby wynajmu doba rozpoczyna si\u0119 o godzinie 14.00, a ko\u0144czy o godzinie 10.00 3. Go\u015b\u0107 mo\u017ce korzysta\u0107 bez dodatkowej op\u0142aty z pokoju w godzinach wcze\u015bniejszych, je\u017celi pok\u00f3j jest [&hellip;]<\/p>\n","protected":false},"author":1,"featured_media":0,"parent":0,"menu_order":0,"comment_status":"closed","ping_status":"closed","template":"page-templates\/page_front-page.php","meta":[],"_links":{"self":[{"href":"https:\/\/sarbinowomorskie.com.pl\/index.php?rest_route=\/wp\/v2\/pages\/1177"}],"collection":[{"href":"https:\/\/sarbinowomorskie.com.pl\/index.php?rest_route=\/wp\/v2\/pages"}],"about":[{"href":"https:\/\/sarbinowomorskie.com.pl\/index.php?rest_route=\/wp\/v2\/types\/page"}],"author":[{"embeddable":true,"href":"https:\/\/sarbinowomorskie.com.pl\/index.php?rest_route=\/wp\/v2\/users\/1"}],"replies":[{"embeddable":true,"href":"https:\/\/sarbinowomorskie.com.pl\/index.php?rest_route=%2Fwp%2Fv2%2Fcomments&post=1177"}],"version-history":[{"count":8,"href":"https:\/\/sarbinowomorskie.com.pl\/index.php?rest_route=\/wp\/v2\/pages\/1177\/revisions"}],"predecessor-version":[{"id":1279,"href":"https:\/\/sarbinowomorskie.com.pl\/index.php?rest_route=\/wp\/v2\/pages\/1177\/revisions\/1279"}],"wp:attachment":[{"href":"https:\/\/sarbinowomorskie.com.pl\/index.php?rest_route=%2Fwp%2Fv2%2Fmedia&parent=1177"}],"curies":[{"name":"wp","href":"https:\/\/api.w.org\/{rel}","templated":true}]}}